{"id":1193,"date":"2018-02-14T09:35:12","date_gmt":"2018-02-14T08:35:12","guid":{"rendered":"http:\/\/neu.chris-kircher.de\/?page_id=1193"},"modified":"2024-02-07T22:17:30","modified_gmt":"2024-02-07T21:17:30","slug":"exhibitions","status":"publish","type":"page","link":"https:\/\/chris-kircher.de\/en\/exhibitions\/","title":{"rendered":"exhibitions"},"content":{"rendered":"\n<div class=\"row\"  id=\"row-1726873886\">\n\n\n\t<div id=\"col-1114598917\" class=\"col medium-8 small-12 large-8\"  >\n\t\t\t\t<div class=\"col-inner\"  >\n\t\t\t\n\t\t\t\n\n<h1 class=\"western\" style=\"text-align: left;\"><span style=\"color: #c0c0c0;\">AUSSTELLUNGEN 2023<\/span><\/h1>\n<p>Zur Zeit finden keine Ausstellungen statt, wer sich f\u00fcr meine Arbeiten interessiert, kann mich kontaktieren, mich pers\u00f6nlich in meinem Atelier besuchen oder in meinem Online-Shop Skulpturen und Bilder kaufen. Ein anderes Herzensprojekt &#8211; die Gem\u00fcseheldInnen &#8211; halten mich sehr besch\u00e4ftigt und ich verwende weniger Zeit auf meine Kunst.&nbsp;<\/p>\n<div class=\"is-divider divider clearfix\" style=\"max-width:800px;height:1px;\"><\/div>\n\nngg_shortcode_0_placeholder\n\t<div id=\"gap-268719460\" class=\"gap-element clearfix\" style=\"display:block; height:auto;\">\n\t\t\n<style>\n#gap-268719460 {\n  padding-top: 44px;\n}\n<\/style>\n\t<\/div>\n\t\n\n<p>&nbsp;<\/p>\n\n\t\t<\/div>\n\t\t\t\t\n<style>\n#col-1114598917 > .col-inner {\n  padding: 0px 31px 0px 0px;\n}\n<\/style>\n\t<\/div>\n\n\t\n\n\t<div id=\"col-77360895\" class=\"col medium-4 small-12 large-4\"  >\n\t\t\t\t<div class=\"col-inner\"  >\n\t\t\t\n\t\t\t\n\n<p class=\"wpcf7-contact-form-not-found\"><strong>Error:<\/strong> Contact form not found.<\/p>\n\n<div class=\"is-divider divider clearfix\" style=\"margin-top:0.5em;margin-bottom:0.5em;max-width:336px;height:2px;\"><\/div>\n\n\t<div id=\"gap-1191327725\" class=\"gap-element clearfix\" style=\"display:block; height:auto;\">\n\t\t\n<style>\n#gap-1191327725 {\n  padding-top: 30px;\n}\n<\/style>\n\t<\/div>\n\t\n\n<h3 class=\"western\">AUSSTELLUNGEN 2004-2022<\/h3>\n<p>2022 Kunstverein Fulda<\/p>\n<p>2021 Schloss Bad Homburg | R\u00f6mer, Frankfurt<\/p>\n<p>2020 Galerie Uhn, K\u00f6nigstein | Rathaus Kelkheim | artspaces.kunstmatrix (virtuell) | Europa Rosarium, Sangershausen | Schloss Bad Homburg (virtuell) | Galerie BBK, Frankfurt<\/p>\n<p>2019&nbsp; KunstRaum Riedberg, Uni Frankfurt | Kunstverein Familie Montez, Frankfurt | Kunstverein Neureuth, Karlsruhe&nbsp; Huntenkunst,Kunstmesse Ulft, NL | KunsTraum 44, Kelkheim | Art Endingen, Endingen | R\u00f6mer, Frankfurt<\/p>\n<p>2018&nbsp;&nbsp;Galerie am Platz des Friedens, Hanau-Steinheim | Kloster Seligenstadt | Huntenkunst, Ulft, NL | Galerie BBK, Frankfurt | Abtshof, H\u00f6rstein | Galerie PR, N\u00fcrnberg | R\u00f6mer, Frankfurt<\/p>\n<p>2017&nbsp;&nbsp;Kommunale Galerie im Rathaus Walldorf | For(m)Art, Glinde | Stadtgalerie Bad Soden | Galerie BBK Frankfurt | Museum Perla Castrum, Schwarzenberg | R\u00f6mer, Frankfurt<\/p>\n<p>2016&nbsp;&nbsp;KunsTraum 44, Kelkheim |&nbsp;grassgr\u00fcn, Frankfurt | Schloss Reinbek, Hamburg | R\u00f6mer, Frankfurt<\/p>\n<p>2015&nbsp;&nbsp;Kunstraum Riedberg, Universit\u00e4t Frankfurt |&nbsp;Galerie PR, N\u00fcrnberg |&nbsp;Galerie am Rathaus Eschborn |&nbsp;Galerie am Platz des Friedens, Hanau |&nbsp;Galerie Uhn, K\u00f6nigstein |&nbsp;grassgr\u00fcn, Frankfurt | R\u00f6mer, Frankfurt<\/p>\n<p>2014&nbsp;&nbsp;Galerie Hellbusch, Mainz |&nbsp;Galerie PR, N\u00fcrnberg |&nbsp;Kunstraum Riedberg, Universit\u00e4t Frankfurt |&nbsp;grassgr\u00fcn, Frankfurt | R\u00f6mer, Frankfurt<\/p>\n<p>2013&nbsp;&nbsp;Impulse, Kunstmesse Osnabr\u00fcck |&nbsp;Galerie PR, N\u00fcrnberg |Route der Industriekultur, Schloss H\u00f6chst, Frankfurt |&nbsp;Kunstmesse Frauenmuseum, Bonn |&nbsp;Galerie am Platz des Friedens, Hanau |&nbsp;Galerie Hellbusch, Mainz | R\u00f6mer, Frankfurt<\/p>\n<p>2012&nbsp;&nbsp;Uni Frankfurt, Biologicum Riedberg |&nbsp;Impulse, Kunstmesse Osnabr\u00fcck |&nbsp;Galerie Am Eichfeld, Murnau |&nbsp;Galerie Seidlstra\u00dfe 4, Murnau |&nbsp;Galerie am Schloss, Sommerhausen |&nbsp;Galerie Hellbusch, Mainz |&nbsp;Kunstmesse Frauenmuseum, Bonn |&nbsp;Ausstellungshalle 1A, Frankfurt | R\u00f6mer, Frankfurt<\/p>\n<p>2011&nbsp;&nbsp;Impulse, Kunstmesse Osnabr\u00fcck |&nbsp;Galerie Hellbusch, Mainz | Heyne Kunst Fabrik, Zeilgalerie Frankfurt |&nbsp;Uni Frankfurt, Biologicum Riedberg | R\u00f6mer, Frankfurt<\/p>\n<p>2010&nbsp;&nbsp;Profi AG, Darmstadt |&nbsp;Vilbelart, Bad Vilbel |&nbsp;Galerie Hellbusch, Mainz &nbsp;|&nbsp;Hanseart, Kunstmesse Bremen | R\u00f6mer, Frankfurt<\/p>\n<p>2009&nbsp;&nbsp;Galerie PR, N\u00fcrnberg |&nbsp;Galerie Hellbusch, Mainz |&nbsp;K\u00fcnstlerbund Simplicius im Rathaus Hanau |&nbsp;Biozentrum, Universit\u00e4t Frankfurt | R\u00f6mer, Frankfurt<\/p>\n<p>2008&nbsp;&nbsp;Auenkunst, Bad Vilbel |&nbsp;Wasserburg, Bad Vilbel |&nbsp;Galerie PR, N\u00fcrnberg | R\u00f6mer, Frankfurt<\/p>\n<p>2007&nbsp;&nbsp;Galerie Seidlstra\u00dfe 4, Murnau |&nbsp;Artpoint Sanofi-Aventis, Bad Soden |&nbsp;Auenkunst, Bad Vilbel | R\u00f6mer, Frankfurt<\/p>\n<p>2006&nbsp;&nbsp;Galerie PR, N\u00fcrnberg<\/p>\n<p>2005&nbsp;&nbsp;Galerie PR, N\u00fcrnberg |&nbsp;Wasserburg, Bad Vilbel<\/p>\n<p>2004&nbsp;&nbsp;Galerie Dembinski, Offenbach<\/p>\n\n\t\t<\/div>\n\t\t\t\t\t<\/div>\n\n\t\n\n<\/div>\n\n","protected":false},"excerpt":{"rendered":"","protected":false},"author":1,"featured_media":0,"parent":0,"menu_order":0,"comment_status":"closed","ping_status":"closed","template":"","meta":{"ngg_post_thumbnail":0,"footnotes":""},"class_list":["post-1193","page","type-page","status-publish","hentry"],"_links":{"self":[{"href":"https:\/\/chris-kircher.de\/en\/wp-json\/wp\/v2\/pages\/1193","targetHints":{"allow":["GET"]}}],"collection":[{"href":"https:\/\/chris-kircher.de\/en\/wp-json\/wp\/v2\/pages"}],"about":[{"href":"https:\/\/chris-kircher.de\/en\/wp-json\/wp\/v2\/types\/page"}],"author":[{"embeddable":true,"href":"https:\/\/chris-kircher.de\/en\/wp-json\/wp\/v2\/users\/1"}],"replies":[{"embeddable":true,"href":"https:\/\/chris-kircher.de\/en\/wp-json\/wp\/v2\/comments?post=1193"}],"version-history":[{"count":35,"href":"https:\/\/chris-kircher.de\/en\/wp-json\/wp\/v2\/pages\/1193\/revisions"}],"predecessor-version":[{"id":6780,"href":"https:\/\/chris-kircher.de\/en\/wp-json\/wp\/v2\/pages\/1193\/revisions\/6780"}],"wp:attachment":[{"href":"https:\/\/chris-kircher.de\/en\/wp-json\/wp\/v2\/media?parent=1193"}],"curies":[{"name":"wp","href":"https:\/\/api.w.org\/{rel}","templated":true}]}}